{"id":6100,"date":"2025-01-06T01:42:23","date_gmt":"2025-01-05T23:42:23","guid":{"rendered":"https:\/\/www.hobbymoto.com\/?page_id=6100"},"modified":"2025-01-12T16:55:21","modified_gmt":"2025-01-12T14:55:21","slug":"la-tienda-hobby-moto","status":"publish","type":"page","link":"https:\/\/www.hobbymoto.com\/?page_id=6100","title":{"rendered":"La tienda, Hobby Moto"},"content":{"rendered":"\n<div class=\"wp-block-group alignfull has-global-padding is-layout-constrained wp-block-group-is-layout-constrained\" style=\"margin-top:0;margin-bottom:0;padding-top:var(--wp--preset--spacing--50);padding-bottom:var(--wp--preset--spacing--50)\">\n<div class=\"wp-block-columns alignwide is-layout-flex wp-container-core-columns-is-layout-47c06fe3 wp-block-columns-is-layout-flex\">\n<div class=\"wp-block-column is-layout-flow wp-block-column-is-layout-flow\" style=\"flex-basis:56%\">\n<figure class=\"wp-block-image size-full\"><a href=\"https:\/\/www.hobbymoto.com\/wp-content\/uploads\/2025\/01\/tienda2.jpg\"><img loading=\"lazy\" decoding=\"async\" width=\"1176\" height=\"764\" src=\"https:\/\/www.hobbymoto.com\/wp-content\/uploads\/2025\/01\/tienda2.jpg\" alt=\"\" class=\"wp-image-6102\" style=\"aspect-ratio:1;object-fit:cover\" srcset=\"https:\/\/www.hobbymoto.com\/wp-content\/uploads\/2025\/01\/tienda2.jpg 1176w, https:\/\/www.hobbymoto.com\/wp-content\/uploads\/2025\/01\/tienda2-300x195.jpg 300w, https:\/\/www.hobbymoto.com\/wp-content\/uploads\/2025\/01\/tienda2-1024x665.jpg 1024w, https:\/\/www.hobbymoto.com\/wp-content\/uploads\/2025\/01\/tienda2-768x499.jpg 768w\" sizes=\"auto, (max-width: 1176px) 100vw, 1176px\" \/><\/a><\/figure>\n<\/div>\n\n\n\n<div class=\"wp-block-column is-vertically-aligned-center is-layout-flow wp-container-core-column-is-layout-119bc444 wp-block-column-is-layout-flow\">\n<p>En 1983, Roque decidi\u00f3 abrir su primera tienda en el coraz\u00f3n de Deusto, un barrio vibrante de Bilbao. Con mucha ilusi\u00f3n y esfuerzo, transform\u00f3 un peque\u00f1o local en un espacio acogedor donde los amantes de las motos pod\u00edan encontrar productos de calidad y un trato cercano. As\u00ed naci\u00f3 Hobby Moto. Desde el primer d\u00eda, Roque se gan\u00f3 la confianza de la comunidad, convirtiendo su tienda en un punto de encuentro y referencia en el Vizcaya.<\/p>\n\n\n\n<p>Hobby Moto era una tienda especializada en la venta de todo tipo de motos, desde las de trial y enduro hasta las de carretera. Adem\u00e1s de ofrecer una amplia variedad de motocicletas, tambi\u00e9n contaba con una gran selecci\u00f3n de accesorios y repuestos para todo tipo de necesidades. Para garantizar un servicio completo, Hobby Moto dispon\u00eda de su propio taller, donde Nu\u00f1o realizaba las reparaciones y el mantenimiento, brindando a los motociclistas la confianza de que sus motos estar\u00edan en las mejores manos. Su enfoque en la calidad y el servicio lo convert\u00eda en un referente para los apasionados de las dos ruedas.<\/p>\n<\/div>\n<\/div>\n<\/div>\n\n\n\n<div class=\"wp-block-group alignfull has-global-padding is-layout-constrained wp-block-group-is-layout-constrained\" style=\"margin-top:0;margin-bottom:0;padding-top:var(--wp--preset--spacing--50);padding-bottom:var(--wp--preset--spacing--50)\">\n<div class=\"wp-block-columns alignwide is-layout-flex wp-container-core-columns-is-layout-47c06fe3 wp-block-columns-is-layout-flex\">\n<div class=\"wp-block-column is-layout-flow wp-block-column-is-layout-flow\">\n<p>Juan Miguel Nu\u00f1o era el mec\u00e1nico de confianza de Roque, un hombre con una gran habilidad y experiencia en el mundo de la mec\u00e1nica de motos. A lo largo de los a\u00f1os, se gan\u00f3 la reputaci\u00f3n de ser un experto en la reparaci\u00f3n y mantenimiento de todo tipo de motocicletas, desde modelos m\u00e1s antiguos hasta los m\u00e1s modernos. Su taller, siempre lleno de herramientas y piezas de recambio, era el lugar al que Roque acud\u00eda cada vez que su moto necesitaba atenci\u00f3n especial. Juan Miguel no solo era conocido por su destreza, sino tambi\u00e9n por su dedicaci\u00f3n y pasi\u00f3n por las motos, lo que hac\u00eda que su trabajo fuera a\u00fan m\u00e1s apreciado. Roque confiaba plenamente en \u00e9l, sabiendo que su moto estar\u00eda en manos de un verdadero profesional.<\/p>\n<\/div>\n\n\n\n<div class=\"wp-block-column is-layout-flow wp-block-column-is-layout-flow\">\n<figure class=\"wp-block-image size-large\"><a href=\"https:\/\/www.hobbymoto.com\/wp-content\/uploads\/2025\/01\/tienda4-peq.jpg\"><img loading=\"lazy\" decoding=\"async\" width=\"1024\" height=\"771\" src=\"https:\/\/www.hobbymoto.com\/wp-content\/uploads\/2025\/01\/tienda4-peq-1024x771.jpg\" alt=\"\" class=\"wp-image-6103\" srcset=\"https:\/\/www.hobbymoto.com\/wp-content\/uploads\/2025\/01\/tienda4-peq-1024x771.jpg 1024w, https:\/\/www.hobbymoto.com\/wp-content\/uploads\/2025\/01\/tienda4-peq-300x226.jpg 300w, https:\/\/www.hobbymoto.com\/wp-content\/uploads\/2025\/01\/tienda4-peq-768x578.jpg 768w, https:\/\/www.hobbymoto.com\/wp-content\/uploads\/2025\/01\/tienda4-peq-1536x1156.jpg 1536w, https:\/\/www.hobbymoto.com\/wp-content\/uploads\/2025\/01\/tienda4-peq-2048x1541.jpg 2048w\" sizes=\"auto, (max-width: 1024px) 100vw, 1024px\" \/><\/a><\/figure>\n<\/div>\n<\/div>\n<\/div>\n\n\n\n<div class=\"wp-block-group alignfull has-global-padding is-layout-constrained wp-block-group-is-layout-constrained\" style=\"margin-top:0;margin-bottom:0;padding-top:var(--wp--preset--spacing--50);padding-bottom:var(--wp--preset--spacing--50)\">\n<div class=\"wp-block-columns alignwide is-layout-flex wp-container-core-columns-is-layout-47c06fe3 wp-block-columns-is-layout-flex\">\n<div class=\"wp-block-column is-layout-flow wp-block-column-is-layout-flow\" style=\"flex-basis:56%\">\n<figure class=\"wp-block-image size-full\"><a href=\"https:\/\/www.hobbymoto.com\/wp-content\/uploads\/2025\/01\/IMG-20201207-WA0001-1.jpg\"><img loading=\"lazy\" decoding=\"async\" width=\"1600\" height=\"900\" src=\"https:\/\/www.hobbymoto.com\/wp-content\/uploads\/2025\/01\/IMG-20201207-WA0001-1.jpg\" alt=\"\" class=\"wp-image-6111\" style=\"aspect-ratio:1;object-fit:cover\" srcset=\"https:\/\/www.hobbymoto.com\/wp-content\/uploads\/2025\/01\/IMG-20201207-WA0001-1.jpg 1600w, https:\/\/www.hobbymoto.com\/wp-content\/uploads\/2025\/01\/IMG-20201207-WA0001-1-300x169.jpg 300w, https:\/\/www.hobbymoto.com\/wp-content\/uploads\/2025\/01\/IMG-20201207-WA0001-1-1024x576.jpg 1024w, https:\/\/www.hobbymoto.com\/wp-content\/uploads\/2025\/01\/IMG-20201207-WA0001-1-768x432.jpg 768w, https:\/\/www.hobbymoto.com\/wp-content\/uploads\/2025\/01\/IMG-20201207-WA0001-1-1536x864.jpg 1536w\" sizes=\"auto, (max-width: 1600px) 100vw, 1600px\" \/><\/a><\/figure>\n<\/div>\n\n\n\n<div class=\"wp-block-column is-vertically-aligned-center is-layout-flow wp-container-core-column-is-layout-119bc444 wp-block-column-is-layout-flow\">\n<p>Con el paso del tiempo, la tienda de Hobby Moto fue experimentando una notable evoluci\u00f3n. Al principio, era un peque\u00f1o negocio local enfocado en la venta de motocicletas y accesorios b\u00e1sicos. Sin embargo, conforme la demanda creci\u00f3 y el mundo de las motos se diversific\u00f3, la tienda se adapt\u00f3 y ampli\u00f3 su oferta.<\/p>\n\n\n\n<p>Hobby Moto ampli\u00f3 su gama de productos, incorporando accesorios de \u00faltima tecnolog\u00eda, cascos, ropa de protecci\u00f3n y piezas de recambio para diferentes tipos de motocicletas.<\/p>\n\n\n\n<p>A medida que la tienda se consolidaba como un referente en el sector, su presencia se expandi\u00f3 a trav\u00e9s de canales digitales, ofreciendo venta en l\u00ednea y creando una comunidad de motociclistas leales. As\u00ed, Hobby Moto se transform\u00f3 de un peque\u00f1o taller en un negocio integral, adaptado a las nuevas tendencias y necesidades del mercado, manteniendo siempre la esencia de ofrecer calidad, confianza y pasi\u00f3n por las motos.<\/p>\n<\/div>\n<\/div>\n<\/div>\n\n\n\n<div class=\"wp-block-group alignfull has-global-padding is-layout-constrained wp-block-group-is-layout-constrained\" style=\"margin-top:0;margin-bottom:0;padding-top:var(--wp--preset--spacing--50);padding-bottom:var(--wp--preset--spacing--50)\">\n<div class=\"wp-block-columns alignwide is-layout-flex wp-container-core-columns-is-layout-47c06fe3 wp-block-columns-is-layout-flex\">\n<div class=\"wp-block-column is-layout-flow wp-block-column-is-layout-flow\">\n<p>Durante estas casi 4 d\u00e9cadas, Hobby Moto fue un centro neur\u00e1lgico para los amantes de las motos, siempre a la vanguardia en cuanto a las \u00faltimas tendencias, tecnolog\u00edas y necesidades del sector. La tienda no solo vend\u00eda productos, sino que tambi\u00e9n se convirti\u00f3 en un lugar de encuentro para los motociclistas, donde compart\u00edan su pasi\u00f3n y conocimientos sobre el mundo de las motos.<\/p>\n\n\n\n<p>A pesar de los desaf\u00edos que vinieron con los a\u00f1os, como la digitalizaci\u00f3n del mercado y la competencia en l\u00ednea, Hobby Moto mantuvo su esencia como un negocio local y cercano, hasta que, en 2021, cerr\u00f3 sus puertas definitivamente. La tienda dej\u00f3 un legado imborrable y una huella profunda en la comunidad de motociclistas, siendo recordada como un lugar que ofreci\u00f3 m\u00e1s que productos, sino una experiencia \u00fanica basada en la pasi\u00f3n por las motos y el compromiso con sus clientes.<\/p>\n<\/div>\n\n\n\n<div class=\"wp-block-column is-layout-flow wp-block-column-is-layout-flow\">\n<figure class=\"wp-block-image size-full\"><a href=\"https:\/\/www.hobbymoto.com\/wp-content\/uploads\/2015\/02\/motoS-038.jpg\"><img loading=\"lazy\" decoding=\"async\" width=\"840\" height=\"630\" src=\"https:\/\/www.hobbymoto.com\/wp-content\/uploads\/2015\/02\/motoS-038.jpg\" alt=\"\" class=\"wp-image-80\" srcset=\"https:\/\/www.hobbymoto.com\/wp-content\/uploads\/2015\/02\/motoS-038.jpg 840w, https:\/\/www.hobbymoto.com\/wp-content\/uploads\/2015\/02\/motoS-038-600x450.jpg 600w, https:\/\/www.hobbymoto.com\/wp-content\/uploads\/2015\/02\/motoS-038-300x225.jpg 300w\" sizes=\"auto, (max-width: 840px) 100vw, 840px\" \/><\/a><\/figure>\n<\/div>\n<\/div>\n<\/div>\n\n\n\n<div class=\"wp-block-columns is-layout-flex wp-container-core-columns-is-layout-28f84493 wp-block-columns-is-layout-flex\">\n<div class=\"wp-block-column is-layout-flow wp-block-column-is-layout-flow\"><\/div>\n<\/div>\n\n\n\n<div class=\"wp-block-columns is-layout-flex wp-container-core-columns-is-layout-28f84493 wp-block-columns-is-layout-flex\">\n<div class=\"wp-block-column is-layout-flow wp-block-column-is-layout-flow\">\n<figure class=\"wp-block-image size-large\"><a href=\"https:\/\/www.hobbymoto.com\/wp-content\/uploads\/2025\/01\/Imagen-de-WhatsApp-2025-01-05-a-las-22.48.33_220110bf-scaled.jpg\"><img loading=\"lazy\" decoding=\"async\" width=\"576\" height=\"1024\" src=\"https:\/\/www.hobbymoto.com\/wp-content\/uploads\/2025\/01\/Imagen-de-WhatsApp-2025-01-05-a-las-22.48.33_220110bf-576x1024.jpg\" alt=\"\" class=\"wp-image-6108\" srcset=\"https:\/\/www.hobbymoto.com\/wp-content\/uploads\/2025\/01\/Imagen-de-WhatsApp-2025-01-05-a-las-22.48.33_220110bf-576x1024.jpg 576w, https:\/\/www.hobbymoto.com\/wp-content\/uploads\/2025\/01\/Imagen-de-WhatsApp-2025-01-05-a-las-22.48.33_220110bf-169x300.jpg 169w, https:\/\/www.hobbymoto.com\/wp-content\/uploads\/2025\/01\/Imagen-de-WhatsApp-2025-01-05-a-las-22.48.33_220110bf-768x1365.jpg 768w, https:\/\/www.hobbymoto.com\/wp-content\/uploads\/2025\/01\/Imagen-de-WhatsApp-2025-01-05-a-las-22.48.33_220110bf-864x1536.jpg 864w, https:\/\/www.hobbymoto.com\/wp-content\/uploads\/2025\/01\/Imagen-de-WhatsApp-2025-01-05-a-las-22.48.33_220110bf-1153x2048.jpg 1153w, https:\/\/www.hobbymoto.com\/wp-content\/uploads\/2025\/01\/Imagen-de-WhatsApp-2025-01-05-a-las-22.48.33_220110bf-scaled.jpg 1441w\" sizes=\"auto, (max-width: 576px) 100vw, 576px\" \/><\/a><\/figure>\n<\/div>\n\n\n\n<div class=\"wp-block-column is-layout-flow wp-block-column-is-layout-flow\">\n<figure class=\"wp-block-image size-large\"><a href=\"https:\/\/www.hobbymoto.com\/wp-content\/uploads\/2025\/01\/Escaner_20250105-peq.jpg\"><img loading=\"lazy\" decoding=\"async\" width=\"744\" height=\"1024\" src=\"https:\/\/www.hobbymoto.com\/wp-content\/uploads\/2025\/01\/Escaner_20250105-peq-744x1024.jpg\" alt=\"\" class=\"wp-image-6105\" srcset=\"https:\/\/www.hobbymoto.com\/wp-content\/uploads\/2025\/01\/Escaner_20250105-peq-744x1024.jpg 744w, https:\/\/www.hobbymoto.com\/wp-content\/uploads\/2025\/01\/Escaner_20250105-peq-218x300.jpg 218w, https:\/\/www.hobbymoto.com\/wp-content\/uploads\/2025\/01\/Escaner_20250105-peq-768x1057.jpg 768w, https:\/\/www.hobbymoto.com\/wp-content\/uploads\/2025\/01\/Escaner_20250105-peq-1116x1536.jpg 1116w, https:\/\/www.hobbymoto.com\/wp-content\/uploads\/2025\/01\/Escaner_20250105-peq.jpg 1275w\" sizes=\"auto, (max-width: 744px) 100vw, 744px\" \/><\/a><\/figure>\n<\/div>\n<\/div>\n\n\n\n<div class=\"wp-block-columns is-layout-flex wp-container-core-columns-is-layout-28f84493 wp-block-columns-is-layout-flex\">\n<div class=\"wp-block-column is-layout-flow wp-block-column-is-layout-flow\">\n<figure class=\"wp-block-image size-large\"><a href=\"https:\/\/www.hobbymoto.com\/wp-content\/uploads\/2025\/01\/DSC00266-1.jpg\"><img loading=\"lazy\" decoding=\"async\" width=\"1024\" height=\"768\" src=\"https:\/\/www.hobbymoto.com\/wp-content\/uploads\/2025\/01\/DSC00266-1-1024x768.jpg\" alt=\"\" class=\"wp-image-6113\" srcset=\"https:\/\/www.hobbymoto.com\/wp-content\/uploads\/2025\/01\/DSC00266-1-1024x768.jpg 1024w, https:\/\/www.hobbymoto.com\/wp-content\/uploads\/2025\/01\/DSC00266-1-300x225.jpg 300w, https:\/\/www.hobbymoto.com\/wp-content\/uploads\/2025\/01\/DSC00266-1-768x576.jpg 768w, https:\/\/www.hobbymoto.com\/wp-content\/uploads\/2025\/01\/DSC00266-1-1536x1152.jpg 1536w, https:\/\/www.hobbymoto.com\/wp-content\/uploads\/2025\/01\/DSC00266-1.jpg 2048w\" sizes=\"auto, (max-width: 1024px) 100vw, 1024px\" \/><\/a><\/figure>\n<\/div>\n\n\n\n<div class=\"wp-block-column is-layout-flow wp-block-column-is-layout-flow\">\n<figure class=\"wp-block-image size-full\"><a href=\"https:\/\/www.hobbymoto.com\/wp-content\/uploads\/2025\/01\/tienda1peq.jpg\"><img loading=\"lazy\" decoding=\"async\" width=\"550\" height=\"392\" src=\"https:\/\/www.hobbymoto.com\/wp-content\/uploads\/2025\/01\/tienda1peq.jpg\" alt=\"\" class=\"wp-image-6114\" srcset=\"https:\/\/www.hobbymoto.com\/wp-content\/uploads\/2025\/01\/tienda1peq.jpg 550w, https:\/\/www.hobbymoto.com\/wp-content\/uploads\/2025\/01\/tienda1peq-300x214.jpg 300w\" sizes=\"auto, (max-width: 550px) 100vw, 550px\" \/><\/a><\/figure>\n<\/div>\n<\/div>\n\n\n\n<div class=\"wp-block-group is-style-section-1 has-small-font-size is-layout-grid wp-container-core-group-is-layout-9a837117 wp-block-group-is-layout-grid is-style-section-1--1\" style=\"border-width:15px;min-height:0px;margin-top:0;margin-bottom:0;padding-top:0;padding-right:0;padding-bottom:0;padding-left:0\">\n<div class=\"wp-block-group is-style-section-1 has-global-padding is-layout-constrained wp-block-group-is-layout-constrained is-style-section-1--2\">\n<div class=\"wp-block-columns are-vertically-aligned-center is-style-section-1 wp-container-content-69bc4bdf is-layout-flex wp-container-core-columns-is-layout-28f84493 wp-block-columns-is-layout-flex is-style-section-1--3\">\n<div class=\"wp-block-column is-vertically-aligned-center is-style-section-1 is-layout-flow wp-block-column-is-layout-flow is-style-section-1--4\" style=\"flex-basis:100%\">\n<div class=\"wp-block-columns is-layout-flex wp-container-core-columns-is-layout-28f84493 wp-block-columns-is-layout-flex\">\n<div class=\"wp-block-column is-layout-flow wp-block-column-is-layout-flow\" style=\"flex-basis:100%\">\n<figure class=\"wp-block-embed aligncenter is-type-video is-provider-youtube wp-block-embed-youtube wp-embed-aspect-16-9 wp-has-aspect-ratio\" style=\"margin-top:0;margin-right:0;margin-bottom:0;margin-left:0\"><div class=\"wp-block-embed__wrapper\">\n<iframe loading=\"lazy\" hcb-fetch-image-from=\"https:\/\/www.youtube.com\/watch?v=M0zDki-unuQ\" title=\"HOBBY MOTO DEUSTO\" width=\"500\" height=\"281\" src=\"https:\/\/www.youtube.com\/embed\/M0zDki-unuQ?feature=oembed\" frameborder=\"0\" allow=\"accelerometer; autoplay; clipboard-write; encrypted-media; gyroscope; picture-in-picture; web-share\" referrerpolicy=\"strict-origin-when-cross-origin\" allowfullscreen><\/iframe>\n<\/div><\/figure>\n<\/div>\n<\/div>\n<\/div>\n<\/div>\n<\/div>\n\n\n\n<figure class=\"wp-block-embed is-type-video is-provider-youtube wp-block-embed-youtube wp-embed-aspect-16-9 wp-has-aspect-ratio\"><div class=\"wp-block-embed__wrapper\">\n<iframe loading=\"lazy\" hcb-fetch-image-from=\"https:\/\/www.youtube.com\/watch?v=KhR7zHU2dq8\" title=\"Hobby Moto Bilbao 2019\" width=\"500\" height=\"281\" src=\"https:\/\/www.youtube.com\/embed\/KhR7zHU2dq8?feature=oembed\" frameborder=\"0\" allow=\"accelerometer; autoplay; clipboard-write; encrypted-media; gyroscope; picture-in-picture; web-share\" referrerpolicy=\"strict-origin-when-cross-origin\" allowfullscreen><\/iframe>\n<\/div><\/figure>\n\n\n\n<figure class=\"wp-block-embed is-type-video is-provider-youtube wp-block-embed-youtube wp-embed-aspect-16-9 wp-has-aspect-ratio\"><div class=\"wp-block-embed__wrapper\">\n<iframe loading=\"lazy\" hcb-fetch-image-from=\"https:\/\/www.youtube.com\/watch?v=_QWDAxU2TOw\" title=\"HOBBY MOTO\" width=\"500\" height=\"281\" src=\"https:\/\/www.youtube.com\/embed\/_QWDAxU2TOw?feature=oembed\" frameborder=\"0\" allow=\"accelerometer; autoplay; clipboard-write; encrypted-media; gyroscope; picture-in-picture; web-share\" referrerpolicy=\"strict-origin-when-cross-origin\" allowfullscreen><\/iframe>\n<\/div><\/figure>\n\n\n\n<figure class=\"wp-block-embed is-type-video is-provider-youtube wp-block-embed-youtube wp-embed-aspect-16-9 wp-has-aspect-ratio\"><div class=\"wp-block-embed__wrapper\">\n<iframe loading=\"lazy\" hcb-fetch-image-from=\"https:\/\/www.youtube.com\/watch?v=ubWwAImZQ4k\" title=\"Hobby Moto\" width=\"500\" height=\"281\" src=\"https:\/\/www.youtube.com\/embed\/ubWwAImZQ4k?feature=oembed\" frameborder=\"0\" allow=\"accelerometer; autoplay; clipboard-write; encrypted-media; gyroscope; picture-in-picture; web-share\" referrerpolicy=\"strict-origin-when-cross-origin\" allowfullscreen><\/iframe>\n<\/div><\/figure>\n<\/div>\n\n\n\n<p><\/p>\n","protected":false},"excerpt":{"rendered":"<p>En 1983, Roque decidi\u00f3 abrir su primera tienda en el coraz\u00f3n de Deusto, un barrio vibrante de Bilbao. Con mucha ilusi\u00f3n y esfuerzo, transform\u00f3 un peque\u00f1o local en un espacio acogedor donde los amantes de las motos pod\u00edan encontrar productos de calidad y un trato cercano. As\u00ed naci\u00f3 Hobby Moto. Desde el primer d\u00eda, Roque [&hellip;]<\/p>\n","protected":false},"author":5,"featured_media":0,"parent":0,"menu_order":0,"comment_status":"closed","ping_status":"closed","template":"","meta":{"om_disable_all_campaigns":false,"_monsterinsights_skip_tracking":false,"_monsterinsights_sitenote_active":false,"_monsterinsights_sitenote_note":"","_monsterinsights_sitenote_category":0,"footnotes":""},"class_list":["post-6100","page","type-page","status-publish","hentry"],"aioseo_notices":[],"_links":{"self":[{"href":"https:\/\/www.hobbymoto.com\/index.php?rest_route=\/wp\/v2\/pages\/6100","targetHints":{"allow":["GET"]}}],"collection":[{"href":"https:\/\/www.hobbymoto.com\/index.php?rest_route=\/wp\/v2\/pages"}],"about":[{"href":"https:\/\/www.hobbymoto.com\/index.php?rest_route=\/wp\/v2\/types\/page"}],"author":[{"embeddable":true,"href":"https:\/\/www.hobbymoto.com\/index.php?rest_route=\/wp\/v2\/users\/5"}],"replies":[{"embeddable":true,"href":"https:\/\/www.hobbymoto.com\/index.php?rest_route=%2Fwp%2Fv2%2Fcomments&post=6100"}],"version-history":[{"count":10,"href":"https:\/\/www.hobbymoto.com\/index.php?rest_route=\/wp\/v2\/pages\/6100\/revisions"}],"predecessor-version":[{"id":6260,"href":"https:\/\/www.hobbymoto.com\/index.php?rest_route=\/wp\/v2\/pages\/6100\/revisions\/6260"}],"wp:attachment":[{"href":"https:\/\/www.hobbymoto.com\/index.php?rest_route=%2Fwp%2Fv2%2Fmedia&parent=6100"}],"curies":[{"name":"wp","href":"https:\/\/api.w.org\/{rel}","templated":true}]}}