{"id":6086,"date":"2025-01-03T22:59:09","date_gmt":"2025-01-03T20:59:09","guid":{"rendered":"https:\/\/www.hobbymoto.com\/?page_id=6086"},"modified":"2025-01-13T15:25:41","modified_gmt":"2025-01-13T13:25:41","slug":"galeria-de-fotos-2","status":"publish","type":"page","link":"https:\/\/www.hobbymoto.com\/?page_id=6086","title":{"rendered":"Galer\u00eda de fotos"},"content":{"rendered":"\n<h2 class=\"wp-block-heading has-text-align-center has-xx-large-font-size\">Galer\u00eda de fotos<\/h2>\n\n\n\n<div class=\"wp-block-group is-layout-grid wp-container-core-group-is-layout-bcb8ac2c wp-block-group-is-layout-grid\">\n<div class=\"wp-block-group is-style-section-1 is-content-justification-center is-layout-flex wp-container-core-group-is-layout-b02886af wp-block-group-is-layout-flex is-style-section-1--1\">\n<figure class=\"wp-block-image size-large is-resized\"><a href=\"https:\/\/www.hobbymoto.com\/?page_id=6012\" target=\"_blank\" rel=\" noreferrer noopener\"><img loading=\"lazy\" decoding=\"async\" width=\"1024\" height=\"709\" src=\"https:\/\/www.hobbymoto.com\/wp-content\/uploads\/2024\/12\/20220116_120241-1-1024x709.jpg\" alt=\"\" class=\"wp-image-5889\" style=\"width:260px;height:auto\" srcset=\"https:\/\/www.hobbymoto.com\/wp-content\/uploads\/2024\/12\/20220116_120241-1-1024x709.jpg 1024w, https:\/\/www.hobbymoto.com\/wp-content\/uploads\/2024\/12\/20220116_120241-1-300x208.jpg 300w, https:\/\/www.hobbymoto.com\/wp-content\/uploads\/2024\/12\/20220116_120241-1-768x532.jpg 768w, https:\/\/www.hobbymoto.com\/wp-content\/uploads\/2024\/12\/20220116_120241-1-1536x1063.jpg 1536w, https:\/\/www.hobbymoto.com\/wp-content\/uploads\/2024\/12\/20220116_120241-1-2048x1418.jpg 2048w\" sizes=\"auto, (max-width: 1024px) 100vw, 1024px\" \/><\/a><\/figure>\n\n\n\n<p><a href=\"https:\/\/www.hobbymoto.com\/?page_id=6012\" target=\"_blank\" rel=\"noopener\" title=\"Fotos de Roque Tabares\">Fotos de Roque Tabares<\/a><\/p>\n<\/div>\n\n\n\n<div class=\"wp-block-group is-style-section-1 is-content-justification-center is-layout-flex wp-container-core-group-is-layout-b02886af wp-block-group-is-layout-flex is-style-section-1--2\">\n<figure class=\"wp-block-image size-large is-resized\"><a href=\"https:\/\/www.hobbymoto.com\/?page_id=6539\" target=\"_blank\" rel=\" noreferrer noopener\"><img loading=\"lazy\" decoding=\"async\" width=\"1024\" height=\"736\" src=\"https:\/\/www.hobbymoto.com\/wp-content\/uploads\/2025\/01\/img221-Copy-1024x736.jpg\" alt=\"\" class=\"wp-image-6536\" style=\"width:263px;height:auto\" srcset=\"https:\/\/www.hobbymoto.com\/wp-content\/uploads\/2025\/01\/img221-Copy-1024x736.jpg 1024w, https:\/\/www.hobbymoto.com\/wp-content\/uploads\/2025\/01\/img221-Copy-300x216.jpg 300w, https:\/\/www.hobbymoto.com\/wp-content\/uploads\/2025\/01\/img221-Copy-768x552.jpg 768w, https:\/\/www.hobbymoto.com\/wp-content\/uploads\/2025\/01\/img221-Copy-1536x1104.jpg 1536w, https:\/\/www.hobbymoto.com\/wp-content\/uploads\/2025\/01\/img221-Copy.jpg 1707w\" sizes=\"auto, (max-width: 1024px) 100vw, 1024px\" \/><\/a><\/figure>\n\n\n\n<p><a href=\"https:\/\/www.hobbymoto.com\/?page_id=6539\" target=\"_blank\" rel=\"noopener\" title=\"Fotos de Roque Tabares 2\">Fotos de Roque Tabares 2<\/a><\/p>\n<\/div>\n\n\n\n<div class=\"wp-block-group is-style-section-1 wp-container-content-d2eb3c98 is-content-justification-center is-layout-flex wp-container-core-group-is-layout-b02886af wp-block-group-is-layout-flex is-style-section-1--3\">\n<figure class=\"wp-block-image size-large is-resized\"><a href=\"https:\/\/www.hobbymoto.com\/?page_id=6126\" target=\"_blank\" rel=\"https:\/\/www.hobbymoto.com\/?page_id=6126 noreferrer noopener\"><img loading=\"lazy\" decoding=\"async\" width=\"1024\" height=\"710\" src=\"https:\/\/www.hobbymoto.com\/wp-content\/uploads\/2025\/01\/20250112_134226-1024x710.jpg\" alt=\"\" class=\"wp-image-6189\" style=\"width:260px;height:auto\" srcset=\"https:\/\/www.hobbymoto.com\/wp-content\/uploads\/2025\/01\/20250112_134226-1024x710.jpg 1024w, https:\/\/www.hobbymoto.com\/wp-content\/uploads\/2025\/01\/20250112_134226-300x208.jpg 300w, https:\/\/www.hobbymoto.com\/wp-content\/uploads\/2025\/01\/20250112_134226-768x533.jpg 768w, https:\/\/www.hobbymoto.com\/wp-content\/uploads\/2025\/01\/20250112_134226.jpg 1234w\" sizes=\"auto, (max-width: 1024px) 100vw, 1024px\" \/><\/a><\/figure>\n\n\n\n<p><a href=\"https:\/\/www.hobbymoto.com\/?page_id=6126\" target=\"_blank\" rel=\"noopener\" title=\"Diapositivas a\u00f1os 70\">Diapositivas a\u00f1os 70<\/a><\/p>\n<\/div>\n\n\n\n<div class=\"wp-block-group is-style-section-1 is-content-justification-center is-layout-flex wp-container-core-group-is-layout-b02886af wp-block-group-is-layout-flex is-style-section-1--4\">\n<figure class=\"wp-block-image size-full is-resized\"><a href=\"https:\/\/www.hobbymoto.com\/?page_id=6267\" target=\"_blank\" rel=\"https:\/\/www.hobbymoto.com\/?page_id=6126 noreferrer noopener\"><img loading=\"lazy\" decoding=\"async\" width=\"875\" height=\"587\" src=\"https:\/\/www.hobbymoto.com\/wp-content\/uploads\/2025\/01\/img102-Copy.jpg\" alt=\"\" class=\"wp-image-6373\" style=\"width:260px;height:auto\" srcset=\"https:\/\/www.hobbymoto.com\/wp-content\/uploads\/2025\/01\/img102-Copy.jpg 875w, https:\/\/www.hobbymoto.com\/wp-content\/uploads\/2025\/01\/img102-Copy-300x201.jpg 300w, https:\/\/www.hobbymoto.com\/wp-content\/uploads\/2025\/01\/img102-Copy-768x515.jpg 768w\" sizes=\"auto, (max-width: 875px) 100vw, 875px\" \/><\/a><\/figure>\n\n\n\n<p><a href=\"https:\/\/www.hobbymoto.com\/?page_id=6267\" target=\"_blank\" rel=\"noopener\" title=\"\">Colecci\u00f3n de fotos 1<\/a><\/p>\n<\/div>\n<\/div>\n","protected":false},"excerpt":{"rendered":"<p>Galer\u00eda de fotos Fotos de Roque Tabares Fotos de Roque Tabares 2 Diapositivas a\u00f1os 70 Colecci\u00f3n de fotos 1<\/p>\n","protected":false},"author":5,"featured_media":0,"parent":0,"menu_order":0,"comment_status":"closed","ping_status":"closed","template":"","meta":{"om_disable_all_campaigns":false,"_monsterinsights_skip_tracking":false,"_monsterinsights_sitenote_active":false,"_monsterinsights_sitenote_note":"","_monsterinsights_sitenote_category":0,"footnotes":""},"class_list":["post-6086","page","type-page","status-publish","hentry"],"aioseo_notices":[],"_links":{"self":[{"href":"https:\/\/www.hobbymoto.com\/index.php?rest_route=\/wp\/v2\/pages\/6086","targetHints":{"allow":["GET"]}}],"collection":[{"href":"https:\/\/www.hobbymoto.com\/index.php?rest_route=\/wp\/v2\/pages"}],"about":[{"href":"https:\/\/www.hobbymoto.com\/index.php?rest_route=\/wp\/v2\/types\/page"}],"author":[{"embeddable":true,"href":"https:\/\/www.hobbymoto.com\/index.php?rest_route=\/wp\/v2\/users\/5"}],"replies":[{"embeddable":true,"href":"https:\/\/www.hobbymoto.com\/index.php?rest_route=%2Fwp%2Fv2%2Fcomments&post=6086"}],"version-history":[{"count":10,"href":"https:\/\/www.hobbymoto.com\/index.php?rest_route=\/wp\/v2\/pages\/6086\/revisions"}],"predecessor-version":[{"id":6548,"href":"https:\/\/www.hobbymoto.com\/index.php?rest_route=\/wp\/v2\/pages\/6086\/revisions\/6548"}],"wp:attachment":[{"href":"https:\/\/www.hobbymoto.com\/index.php?rest_route=%2Fwp%2Fv2%2Fmedia&parent=6086"}],"curies":[{"name":"wp","href":"https:\/\/api.w.org\/{rel}","templated":true}]}}