{"id":6005,"date":"2025-01-01T20:17:04","date_gmt":"2025-01-01T18:17:04","guid":{"rendered":"https:\/\/www.hobbymoto.com\/?page_id=6005"},"modified":"2025-01-02T14:56:09","modified_gmt":"2025-01-02T12:56:09","slug":"hobby-moto","status":"publish","type":"page","link":"https:\/\/www.hobbymoto.com\/","title":{"rendered":"Hobby Moto"},"content":{"rendered":"\n<div class=\"wp-block-group alignfull is-style-section-2 has-contrast-background-color has-background has-global-padding is-layout-constrained wp-block-group-is-layout-constrained is-style-section-2--1\" style=\"margin-top:0;margin-bottom:0;padding-top:var(--wp--preset--spacing--60);padding-bottom:var(--wp--preset--spacing--60)\">\n<figure class=\"wp-block-image aligncenter size-full is-resized has-custom-border\" style=\"margin-top:0;margin-right:0;margin-bottom:0;margin-left:0\"><a href=\"https:\/\/www.hobbymoto.com\/wp-content\/uploads\/2025\/01\/logohobby1.png\"><img loading=\"lazy\" decoding=\"async\" width=\"178\" height=\"55\" src=\"https:\/\/www.hobbymoto.com\/wp-content\/uploads\/2025\/01\/logohobby1.png\" alt=\"\" class=\"wp-image-5963\" style=\"border-style:none;border-width:0px;border-radius:0px;width:516px;height:auto\"\/><\/a><\/figure>\n\n\n\n<div class=\"wp-block-columns alignwide has-base-color has-contrast-background-color has-text-color has-background has-link-color wp-elements-4ad668581d947c4b28cd188afcb122d7 is-layout-flex wp-container-core-columns-is-layout-643ced6b wp-block-columns-is-layout-flex\">\n<div class=\"wp-block-column is-layout-flow wp-block-column-is-layout-flow\" style=\"flex-basis:40%\">\n<figure class=\"wp-block-image size-full is-resized has-custom-border\" style=\"margin-top:0;margin-right:0;margin-bottom:0;margin-left:0\"><img loading=\"lazy\" decoding=\"async\" width=\"1431\" height=\"2048\" src=\"https:\/\/www.hobbymoto.com\/wp-content\/uploads\/2024\/12\/WhatsApp-Image-2022-01-17-at-10.03.24-1.jpeg\" alt=\"\" class=\"wp-image-5917\" style=\"border-style:none;border-width:0px;border-radius:0px;width:359px;height:auto\" srcset=\"https:\/\/www.hobbymoto.com\/wp-content\/uploads\/2024\/12\/WhatsApp-Image-2022-01-17-at-10.03.24-1.jpeg 1431w, https:\/\/www.hobbymoto.com\/wp-content\/uploads\/2024\/12\/WhatsApp-Image-2022-01-17-at-10.03.24-1-210x300.jpeg 210w, https:\/\/www.hobbymoto.com\/wp-content\/uploads\/2024\/12\/WhatsApp-Image-2022-01-17-at-10.03.24-1-716x1024.jpeg 716w, https:\/\/www.hobbymoto.com\/wp-content\/uploads\/2024\/12\/WhatsApp-Image-2022-01-17-at-10.03.24-1-768x1099.jpeg 768w, https:\/\/www.hobbymoto.com\/wp-content\/uploads\/2024\/12\/WhatsApp-Image-2022-01-17-at-10.03.24-1-1073x1536.jpeg 1073w\" sizes=\"auto, (max-width: 1431px) 100vw, 1431px\" \/><\/figure>\n<\/div>\n\n\n\n<div class=\"wp-block-column is-vertically-aligned-center is-layout-flow wp-container-core-column-is-layout-119bc444 wp-block-column-is-layout-flow\" style=\"flex-basis:60%\">\n<p class=\"has-xx-large-font-size\">HOBBY MOTO<\/p>\n\n\n\n<p><\/p>\n\n\n\n<p class=\"has-text-align-left is-style-default has-large-font-size\" style=\"margin-top:0;margin-bottom:0\">Bienvenido a Hobby Moto, un espacio que celebra la trayectoria de <a data-type=\"page\" data-id=\"6009\" href=\"https:\/\/www.hobbymoto.com\/?page_id=6009\">Roque Tabares<\/a>, ic\u00f3nico piloto vasco de trial, su pasi\u00f3n por el motociclismo y a todos sus amigos y compa\u00f1eros dentro de este deporte. Esta web pretende ser un museo virtual del trial. Aqu\u00ed encontrar\u00e1s historias, recursos y an\u00e9cdotas que rinden homenaje al mundo del trial y a quienes lo mantienen vivo. Este sitio es un punto de encuentro para entusiastas y una ventana al legado de un deporte que sigue inspirando a generaciones.<\/p>\n\n\n\n<p class=\"has-text-align-left is-style-default has-large-font-size\" style=\"margin-top:0;margin-bottom:0\"><br>En Hobby Moto, tambi\u00e9n queremos promover los valores del motociclismo cl\u00e1sico: dedicaci\u00f3n, compa\u00f1erismo y respeto por la historia de este apasionante deporte. Nuestro objetivo es ser un punto de encuentro donde las historias del trial cobren vida, inspirando a quienes comparten la pasi\u00f3n por este deporte y su rica tradici\u00f3n.<\/p>\n<\/div>\n<\/div>\n<\/div>\n\n\n\n<div class=\"wp-block-group alignfull is-style-section-5 has-global-padding is-layout-constrained wp-block-group-is-layout-constrained is-style-section-5--2\" style=\"margin-top:0;margin-bottom:0;padding-top:var(--wp--preset--spacing--50);padding-bottom:var(--wp--preset--spacing--50)\">\n<div class=\"wp-block-columns alignwide is-layout-flex wp-container-core-columns-is-layout-7ee84d44 wp-block-columns-is-layout-flex\">\n<div class=\"wp-block-column is-vertically-aligned-center is-layout-flow wp-block-column-is-layout-flow\" style=\"flex-basis:50%\">\n<h2 class=\"wp-block-heading has-text-align-right has-xx-large-font-size\">EL TRIAL<\/h2>\n\n\n\n<p class=\"has-text-align-right has-base-color has-text-color has-link-color has-large-font-size wp-elements-83d98ea02fe5383a75c368bb28bb11b0\">El trial es una modalidad de motociclismo que destaca por su enfoque en la habilidad t\u00e9cnica, el equilibrio y el control. A diferencia de otras disciplinas, se desarrolla en terrenos naturales con obst\u00e1culos como rocas, troncos y pendientes, que los pilotos deben superar sin poner los pies en el suelo. Este estilo evoca los or\u00edgenes del trial, utilizando motocicletas cl\u00e1sicas con dise\u00f1os m\u00e1s simples pero exigentes, manteniendo viva la esencia tradicional del deporte. Es una disciplina tanto competitiva como hist\u00f3rica que atrae a apasionados de todas las generaciones.<\/p>\n<\/div>\n\n\n\n<div class=\"wp-block-column is-layout-flow wp-block-column-is-layout-flow\"><\/div>\n\n\n\n<div class=\"wp-block-column is-vertically-aligned-center is-layout-flow wp-block-column-is-layout-flow\" style=\"flex-basis:50%\">\n<figure class=\"wp-block-image size-full\"><a href=\"https:\/\/www.hobbymoto.com\/wp-content\/uploads\/2024\/12\/20220116_120520.jpg\"><img loading=\"lazy\" decoding=\"async\" width=\"1762\" height=\"1408\" src=\"https:\/\/www.hobbymoto.com\/wp-content\/uploads\/2024\/12\/20220116_120520.jpg\" alt=\"\" class=\"wp-image-5910\" style=\"aspect-ratio:1;object-fit:cover\" srcset=\"https:\/\/www.hobbymoto.com\/wp-content\/uploads\/2024\/12\/20220116_120520.jpg 1762w, https:\/\/www.hobbymoto.com\/wp-content\/uploads\/2024\/12\/20220116_120520-300x240.jpg 300w, https:\/\/www.hobbymoto.com\/wp-content\/uploads\/2024\/12\/20220116_120520-1024x818.jpg 1024w, https:\/\/www.hobbymoto.com\/wp-content\/uploads\/2024\/12\/20220116_120520-768x614.jpg 768w, https:\/\/www.hobbymoto.com\/wp-content\/uploads\/2024\/12\/20220116_120520-1536x1227.jpg 1536w\" sizes=\"auto, (max-width: 1762px) 100vw, 1762px\" \/><\/a><\/figure>\n<\/div>\n<\/div>\n<\/div>\n\n\n\n<div class=\"wp-block-group alignfull is-style-section-2 has-contrast-background-color has-background has-global-padding is-layout-constrained wp-block-group-is-layout-constrained is-style-section-2--3\" style=\"margin-top:0;margin-bottom:0;padding-top:var(--wp--preset--spacing--60);padding-bottom:var(--wp--preset--spacing--60)\">\n<div class=\"wp-block-columns alignwide has-base-color has-contrast-background-color has-text-color has-background has-link-color wp-elements-95e40c87e3844175bab13eca3c40c304 is-layout-flex wp-container-core-columns-is-layout-643ced6b wp-block-columns-is-layout-flex\">\n<div class=\"wp-block-column is-layout-flow wp-block-column-is-layout-flow\" style=\"flex-basis:40%\">\n<figure class=\"wp-block-image size-full has-custom-border\" style=\"margin-top:0;margin-right:0;margin-bottom:0;margin-left:0\"><img loading=\"lazy\" decoding=\"async\" width=\"1434\" height=\"2164\" src=\"https:\/\/www.hobbymoto.com\/wp-content\/uploads\/2024\/12\/20220116_120528-1.jpg\" alt=\"\" class=\"wp-image-5911\" style=\"border-style:none;border-width:0px;border-radius:0px\" srcset=\"https:\/\/www.hobbymoto.com\/wp-content\/uploads\/2024\/12\/20220116_120528-1.jpg 1434w, https:\/\/www.hobbymoto.com\/wp-content\/uploads\/2024\/12\/20220116_120528-1-199x300.jpg 199w, https:\/\/www.hobbymoto.com\/wp-content\/uploads\/2024\/12\/20220116_120528-1-679x1024.jpg 679w, https:\/\/www.hobbymoto.com\/wp-content\/uploads\/2024\/12\/20220116_120528-1-768x1159.jpg 768w, https:\/\/www.hobbymoto.com\/wp-content\/uploads\/2024\/12\/20220116_120528-1-1018x1536.jpg 1018w, https:\/\/www.hobbymoto.com\/wp-content\/uploads\/2024\/12\/20220116_120528-1-1357x2048.jpg 1357w\" sizes=\"auto, (max-width: 1434px) 100vw, 1434px\" \/><\/figure>\n<\/div>\n\n\n\n<div class=\"wp-block-column is-vertically-aligned-center is-layout-flow wp-container-core-column-is-layout-119bc444 wp-block-column-is-layout-flow\" style=\"flex-basis:60%\">\n<p class=\"has-text-align-left is-style-default has-xx-large-font-size\" style=\"margin-top:0;margin-bottom:0\">LOS INICIOS DEL TRIAL<\/p>\n\n\n\n<p class=\"has-medium-font-size\">Como en todos los inicios, en el trial tambi\u00e9n hay algunas confusiones sobre el origen, el lugar exacto donde comenz\u00f3 y qui\u00e9n tuvo la iniciativa. Por una parte, se sabe que se llev\u00f3 a cabo una prueba en Escocia y por otra que tuvo lugar el \u201cScott Trial\u201d en una fecha no concretada. En 1914 se realiz\u00f3 una prueba similar de habilidad, denominada \u201cLitton Slack\u201d, en la que ya participaron 132 pilotos. La haza\u00f1a era importante pues las motos carec\u00edan de embrague, ten\u00edan una sola velocidad, llevaban pedales y correa de transmisi\u00f3n y subir una colina normal ya era un logro.<\/p>\n\n\n\n<p class=\"has-medium-font-size\">En 1909, en Escocia, tras tener la idea de organizar una prueba dura a trav\u00e9s de las monta\u00f1as de los Highlands, un grupo de j\u00f3venes cre\u00f3 el Moto Club Edimburgo para organizar los primeros Cinco D\u00edas de Trial. El recorrido era de unas 1000 millas (1.600 Km) y tambi\u00e9n participaron coches y motos con sidecar. En 1911 se transformaron ya en los conocidos SSDT, que han sido Seis D\u00edas hasta la actualidad, aunque hubo una interrupci\u00f3n debido a la Primera Guerra Mundial.<\/p>\n\n\n\n<p class=\"has-medium-font-size\">En fechas similares, el Sr. Scott, propietario de una empresa con su nombre, organiz\u00f3 el \u201cScott Trial\u201d solo para sus empleados, con salida y llegada en la puerta de la f\u00e1brica. En la primera edici\u00f3n participaron 14 pilotos y terminaron 9.<\/p>\n\n\n\n<p class=\"has-medium-font-size\">Durante los primeros a\u00f1os, en los SSDT solo compitieron pilotos brit\u00e1nicos, ya que viajar desde el extranjero resultaba demasiado caro y los premios eran una medalla para el ganador y un trozo de tela escocesa bordada a mano. De 1940 a 1945 hubo otra interrupci\u00f3n debido a la Segunda Guerra Mundial.<\/p>\n\n\n\n<p class=\"has-medium-font-size\">En 1955 las marcas brit\u00e1nicas se interesaron ya realmente en el trial. BSA prepar\u00f3 a su piloto de MotoCross Jeff Smith para correr los SSDT y los gan\u00f3. En 1956 Gordon Jackson estableci\u00f3 un r\u00e9cord que nunca se ha superado: hizo un solo pie durante todos los Seis D\u00edas. Nos hubiera gustado tenerlo hoy aqu\u00ed. Las marcas que se interesaron fueron: BSA, Rudge, Ariel, Norton, Velocette, Triumph, AJS, Matchless y Royal Enfield. Casi todas ellas ganaron en alguna ocasi\u00f3n los SSDT hasta que en 1965 llegaron las ligeras Bultaco pilotadas por Sammy Miller.<\/p>\n\n\n\n<p class=\"has-medium-font-size\">Al finalizar la Segunda Guerra Mundial el trial comenz\u00f3 a practicarse en B\u00e9lgica y de all\u00ed pas\u00f3 al resto de Europa. En noviembre de 1962 Juan Soler Bult\u00f3 y Oriol Puig Bult\u00f3 decidieron ir a Saint Cucufa (Francia) para participar en aquella nueva modalidad denominada \u201cTrial\u201d con unas motos Bultaco modificadas conforme a lo que hab\u00edan visto en las revistas de motos inglesas, francesas y nacionales. A su regreso decidieron introducir el Trial en Espa\u00f1a y organizaron una prueba experimental en la finca de San Antonio, propiedad de Don Paco Bult\u00f3.<\/p>\n\n\n\n<p class=\"has-medium-font-size\">Eran los primeros meses de 1963 y ser\u00eda la primera prueba de iniciaci\u00f3n en Espa\u00f1a (Catalu\u00f1a). Tambi\u00e9n hay constancia de unas pruebas de \u201cTrial\u201d en 1961, una en Viladrau (Barcelona) ganada por Oriol Puig Bult\u00f3, y otra en Sant Vicen\u00e7 de Castellet, ambas con reglamentos que premiaban la velocidad y la habilidad en sortear las zonas.<\/p>\n\n\n\n<p class=\"has-medium-font-size\">En 1964 la FIM cre\u00f3 el primer campeonato internacional de trial, el \u201cChallenge Henry Groutards\u201d que gan\u00f3 Don Smith con Greeves; en 1968 se celebr\u00f3 el primer \u201cCampeonato de Europa\u201d que gan\u00f3 Sammy Miller con Bultaco y en 1975 ya tuvo lugar el primer \u201cCampeonato del Mundo\u201d que gan\u00f3 Martin Lampkin con Bultaco.<\/p>\n\n\n\n<p class=\"has-medium-font-size\">A fin de promover el trial en los pa\u00edses del sur de Europa, la FIM propici\u00f3 un cursillo en Laffrey (Grenoble) los d\u00edas 10 y 11 de octubre de 1964, dirigido por el piloto franc\u00e9s Claude Peugeot, para pilotos de Francia, Espa\u00f1a, Suiza e Italia.<\/p>\n\n\n\n<p class=\"has-text-align-left is-style-default has-medium-font-size\">Pocas semanas m\u00e1s tarde, el 2 de noviembre de 1964 el Real Moto Club de Catalu\u00f1a organiz\u00f3 el \u201cPrimer Trial del Tibidabo\u201d, primera prueba oficial de Trial en Espa\u00f1a, que gan\u00f3 Juan Soler Bult\u00f3 con Bultaco. En 1965 tuvo lugar el primer \u201cCampeonato de Catalu\u00f1a\u201d que gan\u00f3 Joan Soler Bult\u00f3 con Bultaco y en 1968 se celebr\u00f3 el primer \u201cCampeonato de Espa\u00f1a\u201d que gan\u00f3 Pere Pi con Montesa.<\/p>\n<\/div>\n<\/div>\n<\/div>\n\n\n\n<p><\/p>\n","protected":false},"excerpt":{"rendered":"<p>HOBBY MOTO Bienvenido a Hobby Moto, un espacio que celebra la trayectoria de Roque Tabares, ic\u00f3nico piloto vasco de trial, su pasi\u00f3n por el motociclismo y a todos sus amigos y compa\u00f1eros dentro de este deporte. Esta web pretende ser un museo virtual del trial. Aqu\u00ed encontrar\u00e1s historias, recursos y an\u00e9cdotas que rinden homenaje al [&hellip;]<\/p>\n","protected":false},"author":5,"featured_media":0,"parent":0,"menu_order":0,"comment_status":"closed","ping_status":"closed","template":"","meta":{"om_disable_all_campaigns":false,"_monsterinsights_skip_tracking":false,"_monsterinsights_sitenote_active":false,"_monsterinsights_sitenote_note":"","_monsterinsights_sitenote_category":0,"footnotes":""},"class_list":["post-6005","page","type-page","status-publish","hentry"],"aioseo_notices":[],"_links":{"self":[{"href":"https:\/\/www.hobbymoto.com\/index.php?rest_route=\/wp\/v2\/pages\/6005","targetHints":{"allow":["GET"]}}],"collection":[{"href":"https:\/\/www.hobbymoto.com\/index.php?rest_route=\/wp\/v2\/pages"}],"about":[{"href":"https:\/\/www.hobbymoto.com\/index.php?rest_route=\/wp\/v2\/types\/page"}],"author":[{"embeddable":true,"href":"https:\/\/www.hobbymoto.com\/index.php?rest_route=\/wp\/v2\/users\/5"}],"replies":[{"embeddable":true,"href":"https:\/\/www.hobbymoto.com\/index.php?rest_route=%2Fwp%2Fv2%2Fcomments&post=6005"}],"version-history":[{"count":20,"href":"https:\/\/www.hobbymoto.com\/index.php?rest_route=\/wp\/v2\/pages\/6005\/revisions"}],"predecessor-version":[{"id":6076,"href":"https:\/\/www.hobbymoto.com\/index.php?rest_route=\/wp\/v2\/pages\/6005\/revisions\/6076"}],"wp:attachment":[{"href":"https:\/\/www.hobbymoto.com\/index.php?rest_route=%2Fwp%2Fv2%2Fmedia&parent=6005"}],"curies":[{"name":"wp","href":"https:\/\/api.w.org\/{rel}","templated":true}]}}